{"id":2563,"date":"2020-08-10T13:32:34","date_gmt":"2020-08-10T11:32:34","guid":{"rendered":"https:\/\/www.springpool.de\/cookie-richtlinie\/"},"modified":"2020-09-02T12:23:38","modified_gmt":"2020-09-02T10:23:38","slug":"cookie-policy","status":"publish","type":"page","link":"https:\/\/www.springpool.de\/en\/cookie-policy\/","title":{"rendered":"Cookie Policy"},"content":{"rendered":"<div class=\"cli_pg_page_contaner\">\n<h3>\u00dcber diese Cookie-Richtlinie.<\/h3>\n<p>Diese Cookie-Richtlinie erkl\u00e4rt, was Cookies sind und wie wir sie verwenden. Sie sollten diese Richtlinie lesen, um zu verstehen, was Cookies sind, wie wir sie verwenden, welche Arten von Cookies wir verwenden, d.h. welche Informationen wir mit Hilfe von Cookies sammeln und wie diese Informationen verwendet werden und wie die Cookie-Pr\u00e4ferenzen gesteuert werden k\u00f6nnen. Weitere Informationen dar\u00fcber, wie wir Ihre pers\u00f6nlichen Daten verwenden, speichern und sicher aufbewahren, finden Sie in unserer <a href=\"https:\/\/www.springpool.de\/en\/privacy-policy\/\">Datenschutzerkl\u00e4rung<\/a>. Sie k\u00f6nnen Ihre Zustimmung zur Cookie-Erkl\u00e4rung auf unserer Website jederzeit \u00e4ndern oder zur\u00fcckziehen. Weitere Informationen dar\u00fcber, wer wir sind, wie Sie uns kontaktieren k\u00f6nnen und wie wir pers\u00f6nliche Daten verarbeiten, finden Sie in unserem <a href=\"https:\/\/www.springpool.de\/en\/imprint\/\">Impressum<\/a> und in unserer <a href=\"https:\/\/www.springpool.de\/en\/privacy-policy\/\">Datenschutzerkl\u00e4rung<\/a>. Ihre Zustimmung gilt f\u00fcr die Domain: www.springpool.de[user_consent_state]<\/p>\n<h3>Was sind Cookies?<\/h3>\n<p>Cookies sind kleine Textdateien, die dazu verwendet werden, kleine Informationen zu speichern. Die Cookies werden auf Ihrem Ger\u00e4t gespeichert, wenn die Website auf Ihren Browser geladen wird. Diese Cookies helfen uns dabei, die Website einwandfrei funktionieren zu lassen, die Website sicherer zu machen, eine bessere Benutzererfahrung zu bieten und zu verstehen, wie die Website funktioniert und zu analysieren, was funktioniert und wo sie verbessert werden muss.<\/p>\n<h3>Wie verwenden wir Cookies?<\/h3>\n<p>Wie die meisten Online-Dienste verwendet unsere Website Cookies von Erstanbietern und Drittanbietern f\u00fcr verscheidene Zwecke. Die sogenannten First-Party-Cookies (Cookies von Erstanbietern) sind notwendig, damit die Website richtig funktioniert. Diese Cookies erfassen keine pers\u00f6nlichen Daten.<\/p>\n<p>Die Drittanbieter-Cookies, die auf unseren Websites verwendet werden, werden haupts\u00e4chlich dazu verwendet, um zu verstehen, wie die Website funktioniert, wie Sie mit unserer Website interagieren, um unsere Dienste sicher zu halten, um Werbung zu liefern, die f\u00fcr Sie relevant ist, und um Ihnen eine optimale Benutzererfahrung zu bieten und um Ihre zuk\u00fcnftigen Interaktionen mit unserer Website zu beschleunigen.<\/p>\n<h3>Welche Arten von Cookies verwenden wir?<\/h3>\n<p>Die auf unserer Website verwendeten Cookies sind in die folgenden Kategorien eingeteilt.<br \/>\n[cookie_category]<br \/>\nIn der folgenden Liste sind die auf unserer Website verwendeten Cookies aufgef\u00fchrt.<br \/>\n[cookie_audit_category columns=&#8221;cookie,description&#8221;]<\/p>\n<h3>Wie kann ich die Cookie-Einstellungen kontrollieren?<\/h3>\n<p>Sie k\u00f6nnen Ihre Cookie-Pr\u00e4ferenzen verwalten, indem Sie auf die Schaltfl\u00e4che &#8220;Cookie-Einstellungen&#8221; klicken und die Cookie-Kategorien entsprechend Ihrer Pr\u00e4ferenzen aktivieren oder deaktivieren. Sollten Sie sich entscheiden, Ihre Pr\u00e4ferenzen sp\u00e4ter w\u00e4hrend Ihrer Browsing-Sitzung zu \u00e4ndern, k\u00f6nnen Sie auf Ihrem Bildschirm auf den Reiter &#8220;Cookie-Einstellungen&#8221; klicken. Daraufhin wird die Einverst\u00e4ndniserkl\u00e4rung erneut angezeigt, so dass Sie Ihre Pr\u00e4ferenzen \u00e4ndern oder Ihre Zustimmung vollst\u00e4ndig zur\u00fcckziehen k\u00f6nnen. Dar\u00fcber hinaus bieten verschiedene Browser unterschiedliche Methoden zum Blockieren und L\u00f6schen von Cookies, die von Websites verwendet werden. Sie k\u00f6nnen die Einstellungen Ihres Browsers \u00e4ndern, um die Cookies zu blockieren\/l\u00f6schen. Um mehr dar\u00fcber zu erfahren, wie man Cookies verwaltet und l\u00f6scht, besuchen Sie wikipedia.org, <a href=\"http:\/\/www.allaboutcookies.org\/\" rel=\"noopener noreferrer\" target=\"_blank\">www.allaboutcookies.org<\/a>.<\/p>\n<\/div>\n","protected":false},"excerpt":{"rendered":"<p>\u00dcber diese Cookie-Richtlinie. Diese Cookie-Richtlinie erkl\u00e4rt, was Cookies sind und wie wir sie verwenden. Sie sollten diese Richtlinie lesen, um zu verstehen, was Cookies sind, wie wir sie verwenden, welche Arten von Cookies wir verwenden, d.h. welche Informationen wir mit Hilfe von Cookies sammeln und wie diese Informationen verwendet werden und wie die Cookie-Pr\u00e4ferenzen gesteuert [&hellip;]<\/p>\n","protected":false},"author":2,"featured_media":0,"parent":0,"menu_order":0,"comment_status":"closed","ping_status":"closed","template":"","meta":{"footnotes":""},"class_list":["post-2563","page","type-page","status-publish","hentry"],"_links":{"self":[{"href":"https:\/\/www.springpool.de\/en\/wp-json\/wp\/v2\/pages\/2563"}],"collection":[{"href":"https:\/\/www.springpool.de\/en\/wp-json\/wp\/v2\/pages"}],"about":[{"href":"https:\/\/www.springpool.de\/en\/wp-json\/wp\/v2\/types\/page"}],"author":[{"embeddable":true,"href":"https:\/\/www.springpool.de\/en\/wp-json\/wp\/v2\/users\/2"}],"replies":[{"embeddable":true,"href":"https:\/\/www.springpool.de\/en\/wp-json\/wp\/v2\/comments?post=2563"}],"version-history":[{"count":3,"href":"https:\/\/www.springpool.de\/en\/wp-json\/wp\/v2\/pages\/2563\/revisions"}],"predecessor-version":[{"id":2587,"href":"https:\/\/www.springpool.de\/en\/wp-json\/wp\/v2\/pages\/2563\/revisions\/2587"}],"wp:attachment":[{"href":"https:\/\/www.springpool.de\/en\/wp-json\/wp\/v2\/media?parent=2563"}],"curies":[{"name":"wp","href":"https:\/\/api.w.org\/{rel}","templated":true}]}}